{"id":179,"date":"2018-02-20T13:59:56","date_gmt":"2018-02-20T12:59:56","guid":{"rendered":"http:\/\/hartmutwirks.de\/?page_id=179"},"modified":"2023-11-23T08:41:32","modified_gmt":"2023-11-23T07:41:32","slug":"was","status":"publish","type":"page","link":"https:\/\/hartmutwirks.de\/?page_id=179","title":{"rendered":"Was"},"content":{"rendered":"<p><span style=\"font-family: gill-sans-light; font-size: 14pt;\"><strong>WAS wir f\u00fcr Sie tun k\u00f6nnen<\/strong><\/span><\/p>\n<p><span style=\"font-family: gill-sans-light;\">Sie haben als K\u00fcnstler ein Kunstwerk erschaffen oder als Sammler eine Originalgrafik erworben und stehen nun vor der Frage, wie dieses gesch\u00fctzt und angemessen in einer Ausstellung oder ihrer Kollektion pr\u00e4sentiert werden kann.<\/span><br \/>\n<span style=\"font-family: gill-sans-light;\"> Wir m\u00f6chten Ihnen dabei helfen, Ihr Werk zu pr\u00e4sentieren, ohne dabei konservatorische und \u00e4sthetische Aspekte zu vernachl\u00e4ssigen.<\/span><br \/>\n<span style=\"font-family: gill-sans-light;\"> Anschlie\u00dfend bearbeiten <u>wir<\/u> das Projekt nach Ihren Vorstellungen und mit den vielseitigen M\u00f6glichkeiten unserer neuen (gro\u00dfen\/ausgestatteten) <u>Werkstatt.<\/u><\/span><\/p>\n<p><span style=\"font-family: gill-sans-light; font-size: 14pt;\"><strong>WAS f\u00fcr uns \u201ekonservatorisch\u201c bedeutet<\/strong><\/span><\/p>\n<p><span style=\"font-family: gill-sans-light;\">In unserer Werkstatt werden Originale, Druckgrafiken, Fotografien u.v.a. mit besonderem Augenmerk auf den langlebigen Schutz der Werke eingerahmt.<\/span><br \/>\n<span style=\"font-family: gill-sans-light;\"> Im Zentrum steht f\u00fcr uns die reversible und archivsichere Montage von Papierarbeiten.<\/span><br \/>\n<span style=\"font-family: gill-sans-light;\"> Hierf\u00fcr verwenden wir konservatorisch unbedenkliche Materialien wie beispielsweise Japanpapier und setzen unseren Kleister von Hand aus Weizen- oder\/und Reisst\u00e4rke an.<\/span><\/p>\n<p><span style=\"font-family: gill-sans-light; font-size: 14pt;\"><strong>WAS in unserer Werkstatt m\u00f6glich ist<\/strong><\/span><\/p>\n<p><span style=\"font-family: gill-sans-light;\">Unsere Werkstatt bietet uns die M\u00f6glichkeit, gro\u00dfe Formate kurzfristig zu realisieren. Wir verf\u00fcgen \u00fcber ein <u>Lager<\/u> mit einem durchg\u00e4ngigen Bestand von <u>Museumsgl\u00e4sern<\/u> in Formaten bis 120x 205 cm sowie <u>Museumskartons<\/u> in Formaten bis 156x 306 cm\/ 182x 252 cm.<\/span><br \/>\n<span style=\"font-family: gill-sans-light;\"> Standardprofile sind in verschiedenen Ausf\u00fchrungen am Lager und auf Wunsch fertigen wir Sonderprofile aus Massivh\u00f6lzern wie Ahorn, Buche, Eiche, Esche, Nussbaum u.a. selbst an.<\/span><br \/>\n<span style=\"font-family: gill-sans-light;\"> Wir lackieren Rahmen vorwiegend \u201e\u00fcber Eck\u201c, d.h. der Rahmen wird vor der farblichen Gestaltung gef\u00fcgt und verschliffen.<\/span><br \/>\n<span style=\"font-family: gill-sans-light;\"> F\u00fcr den anschlie\u00dfend sicheren Transport des Werkes in einer passenden Verpackung, geh\u00f6rt auch der Kistenbau zu unserem Service.<\/span><\/p>\n","protected":false},"excerpt":{"rendered":"<p>WAS wir f\u00fcr Sie tun k\u00f6nnen Sie haben als K\u00fcnstler ein Kunstwerk erschaffen oder als Sammler eine Originalgrafik erworben und stehen nun vor der Frage, wie dieses gesch\u00fctzt und angemessen in einer Ausstellung oder ihrer Kollektion pr\u00e4sentiert werden kann. Wir m\u00f6chten Ihnen dabei helfen, Ihr Werk zu pr\u00e4sentieren, ohne dabei konservatorische und \u00e4sthetische Aspekte zu [&hellip;]<\/p>\n","protected":false},"author":1,"featured_media":0,"parent":0,"menu_order":1,"comment_status":"closed","ping_status":"closed","template":"","meta":{"ngg_post_thumbnail":0},"yoast_head":"<!-- This site is optimized with the Yoast SEO plugin v14.9 - https:\/\/yoast.com\/wordpress\/plugins\/seo\/ -->\n<title>Was | HARTMUT WIRKS<\/title>\n<meta name=\"robots\" content=\"index, follow, max-snippet:-1, max-image-preview:large, max-video-preview:-1\" \/>\n<link rel=\"canonical\" href=\"https:\/\/hartmutwirks.de\/?page_id=179\" \/>\n<meta property=\"og:locale\" content=\"de_DE\" \/>\n<meta property=\"og:type\" content=\"article\" \/>\n<meta property=\"og:title\" content=\"Was | HARTMUT WIRKS\" \/>\n<meta property=\"og:description\" content=\"WAS wir f\u00fcr Sie tun k\u00f6nnen Sie haben als K\u00fcnstler ein Kunstwerk erschaffen oder als Sammler eine Originalgrafik erworben und stehen nun vor der Frage, wie dieses gesch\u00fctzt und angemessen in einer Ausstellung oder ihrer Kollektion pr\u00e4sentiert werden kann. Wir m\u00f6chten Ihnen dabei helfen, Ihr Werk zu pr\u00e4sentieren, ohne dabei konservatorische und \u00e4sthetische Aspekte zu [&hellip;]\" \/>\n<meta property=\"og:url\" content=\"https:\/\/hartmutwirks.de\/?page_id=179\" \/>\n<meta property=\"og:site_name\" content=\"HARTMUT WIRKS\" \/>\n<meta property=\"article:modified_time\" content=\"2023-11-23T07:41:32+00:00\" \/>\n<meta name=\"twitter:card\" content=\"summary_large_image\" \/>\n<script type=\"application\/ld+json\" class=\"yoast-schema-graph\">{\"@context\":\"https:\/\/schema.org\",\"@graph\":[{\"@type\":\"WebSite\",\"@id\":\"https:\/\/hartmutwirks.de\/#website\",\"url\":\"https:\/\/hartmutwirks.de\/\",\"name\":\"HARTMUT WIRKS\",\"description\":\"Konservatorische Einrahmungen\",\"potentialAction\":[{\"@type\":\"SearchAction\",\"target\":\"https:\/\/hartmutwirks.de\/?s={search_term_string}\",\"query-input\":\"required name=search_term_string\"}],\"inLanguage\":\"de\"},{\"@type\":\"WebPage\",\"@id\":\"https:\/\/hartmutwirks.de\/?page_id=179#webpage\",\"url\":\"https:\/\/hartmutwirks.de\/?page_id=179\",\"name\":\"Was | HARTMUT WIRKS\",\"isPartOf\":{\"@id\":\"https:\/\/hartmutwirks.de\/#website\"},\"datePublished\":\"2018-02-20T12:59:56+00:00\",\"dateModified\":\"2023-11-23T07:41:32+00:00\",\"inLanguage\":\"de\",\"potentialAction\":[{\"@type\":\"ReadAction\",\"target\":[\"https:\/\/hartmutwirks.de\/?page_id=179\"]}]}]}<\/script>\n<!-- \/ Yoast SEO plugin. -->","_links":{"self":[{"href":"https:\/\/hartmutwirks.de\/index.php?rest_route=\/wp\/v2\/pages\/179"}],"collection":[{"href":"https:\/\/hartmutwirks.de\/index.php?rest_route=\/wp\/v2\/pages"}],"about":[{"href":"https:\/\/hartmutwirks.de\/index.php?rest_route=\/wp\/v2\/types\/page"}],"author":[{"embeddable":true,"href":"https:\/\/hartmutwirks.de\/index.php?rest_route=\/wp\/v2\/users\/1"}],"replies":[{"embeddable":true,"href":"https:\/\/hartmutwirks.de\/index.php?rest_route=%2Fwp%2Fv2%2Fcomments&post=179"}],"version-history":[{"count":14,"href":"https:\/\/hartmutwirks.de\/index.php?rest_route=\/wp\/v2\/pages\/179\/revisions"}],"predecessor-version":[{"id":579,"href":"https:\/\/hartmutwirks.de\/index.php?rest_route=\/wp\/v2\/pages\/179\/revisions\/579"}],"wp:attachment":[{"href":"https:\/\/hartmutwirks.de\/index.php?rest_route=%2Fwp%2Fv2%2Fmedia&parent=179"}],"curies":[{"name":"wp","href":"https:\/\/api.w.org\/{rel}","templated":true}]}}